{"id":72,"date":"2023-10-14T17:28:34","date_gmt":"2023-10-14T17:28:34","guid":{"rendered":"https:\/\/swissorb.ch\/?page_id=72"},"modified":"2024-09-26T21:42:59","modified_gmt":"2024-09-26T21:42:59","slug":"security-risk","status":"publish","type":"page","link":"https:\/\/swissorb.ch\/fr\/security-risk","title":{"rendered":"S\u00e9curit\u00e9 et Risques"},"content":{"rendered":"<div id=\"fws_69f590dd70ce0\"  data-column-margin=\"default\" data-midnight=\"dark\"  class=\"wpb_row vc_row-fluid vc_row\"  style=\"padding-top: 0px; padding-bottom: 0px; \"><div class=\"row-bg-wrap\" data-bg-animation=\"none\" data-bg-animation-delay=\"\" data-bg-overlay=\"false\"><div class=\"inner-wrap row-bg-layer\" ><div class=\"row-bg viewport-desktop\"  style=\"\"><\/div><\/div><\/div><div class=\"row_col_wrap_12 col span_12 dark left\">\n\t<div  class=\"vc_col-sm-12 wpb_column column_container vc_column_container col no-extra-padding inherit_tablet inherit_phone\"  data-padding-pos=\"all\" data-has-bg-color=\"false\" data-bg-color=\"\" data-bg-opacity=\"1\" data-animation=\"\" data-delay=\"0\" >\n\t\t<div class=\"vc_column-inner\" >\n\t\t\t<div class=\"wpb_wrapper\">\n\t\t\t\t<div class=\"nectar-gradient-text\" data-direction=\"horizontal\" data-color=\"extra-color-gradient-1\" style=\"\"><h2>S\u00e9curit\u00e9<\/h2><\/div>\n\t\t\t<\/div> \n\t\t<\/div>\n\t<\/div> \n<\/div><\/div>\n\t\t<div id=\"fws_69f590dd71620\"  data-column-margin=\"default\" data-midnight=\"dark\"  class=\"wpb_row vc_row-fluid vc_row\"  style=\"padding-top: 0px; padding-bottom: 0px; \"><div class=\"row-bg-wrap\" data-bg-animation=\"none\" data-bg-animation-delay=\"\" data-bg-overlay=\"false\"><div class=\"inner-wrap row-bg-layer\" ><div class=\"row-bg viewport-desktop\"  style=\"\"><\/div><\/div><\/div><div class=\"row_col_wrap_12 col span_12 dark left\">\n\t<div  class=\"vc_col-sm-8 wpb_column column_container vc_column_container col no-extra-padding inherit_tablet inherit_phone\"  data-padding-pos=\"all\" data-has-bg-color=\"false\" data-bg-color=\"\" data-bg-opacity=\"1\" data-animation=\"\" data-delay=\"0\" >\n\t\t<div class=\"vc_column-inner\" >\n\t\t\t<div class=\"wpb_wrapper\">\n\t\t\t\t<div class=\"nectar-fancy-ul font_line_height_2px\" data-list-icon=\"icon-salient-thin-line\" data-animation=\"true\" data-animation-delay=\"0\" data-color=\"accent-color\" data-spacing=\"20px\" data-alignment=\"left\"> \n<ul>\n<li><span style=\"color: #333333;\">Chaque client re\u00e7oit sa propre cl\u00e9 priv\u00e9e afin de garantir que tous les fonds sont s\u00e9par\u00e9s entre les clients. Cela permets aux  fonds des clients de b\u00e9n\u00e9ficier d'un niveau de s\u00e9curit\u00e9 suppl\u00e9mentaire.<\/span><\/li>\n<li><span style=\"color: #333333;\">Les fonds des clients ne sont jamais utilis\u00e9s dans des strat\u00e9gies avec un effet de levier. Cela garantit que les fonds des clients sont prot\u00e9g\u00e9s et utilis\u00e9s uniquement dans le but de l'investissement pr\u00e9vu. Nous veillons \u00e0 ce que les fonds des clients soient utilis\u00e9s de mani\u00e8re responsable et uniquement avec leur autorisation.<\/span><\/li>\n<li><span style=\"color: #333333;\">Les fonds des utilisateurs ne seront jamais utilis\u00e9s pour acc\u00e9der \u00e0 quelque forme de cr\u00e9dit que ce soit. Nous comprenons que les fonds des clients doivent rester s\u00e9curis\u00e9s, et en cons\u00e9quence, tout pr\u00eat contract\u00e9 ne sera pas garanti par les fonds des utilisateurs. Cela contribue \u00e0 prot\u00e9ger davantage les investissements des clients et \u00e0 garder leurs fonds en s\u00e9curit\u00e9.<\/span><\/li>\n<li><span style=\"color: #333333;\">Chaque client re\u00e7oit une preuve de r\u00e9serve pour d\u00e9montrer que leurs fonds sont en s\u00e9curit\u00e9 et prot\u00e9g\u00e9s. Cette preuve de r\u00e9serve offre une couche suppl\u00e9mentaire de transparence et de confiance pour nos clients, leur assurant que leurs fonds sont en s\u00e9curit\u00e9 avec nous.<\/span><\/li>\n<li><span style=\"color: #333333;\">Nos protocoles de s\u00e9curit\u00e9 pour les actifs de nos clients restent confidentiels et ne sont pas divulgu\u00e9s publiquement. Cependant, nos clients sont invit\u00e9s \u00e0 demander plus d'informations sur ces protocoles de s\u00e9curit\u00e9, et ces informations leur seront communiqu\u00e9es directement.<\/span><\/li>\n<\/ul>\n <\/div>\n\t\t\t<\/div> \n\t\t<\/div>\n\t<\/div> \n\n\t<div  class=\"vc_col-sm-4 vc_hidden-sm vc_hidden-xs wpb_column column_container vc_column_container col centered-text no-extra-padding inherit_tablet inherit_phone\"  data-padding-pos=\"all\" data-has-bg-color=\"false\" data-bg-color=\"\" data-bg-opacity=\"1\" data-animation=\"\" data-delay=\"0\" >\n\t\t<div class=\"vc_column-inner\" >\n\t\t\t<div class=\"wpb_wrapper\">\n\t\t\t\t<div class=\"nectar_icon_wrap\" data-border-thickness=\"2px\" data-style=\"border-animation\" data-padding=\"25px\" data-color=\"extra-color-gradient-2\" style=\"margin-top: 110px; margin-bottom: 15px; \" >\n\t\t<div class=\"nectar_icon\" style=\"height: 142px; width: 142px;\"><span class=\"im-icon-wrap\" data-color=\"extra-color-gradient-2\"><span><svg version=\"1.1\" xmlns=\"http:\/\/www.w3.org\/2000\/svg\" width=\"60\" height=\"60\" viewbox=\"0 0 32 32\" fill=\"url(#nectar-iconsmind-icon-69f590dd718fb)\">\n        <path d=\"M23.333 32h-14.667c-2.573 0-4.667-2.093-4.667-4.667v-8c0-2.573 2.093-4.667 4.667-4.667h14.667c2.573 0 4.667 2.093 4.667 4.667v8c0 2.573-2.093 4.667-4.667 4.667zM8.667 16c-1.837 0-3.333 1.495-3.333 3.333v8c0 1.839 1.496 3.333 3.333 3.333h14.667c1.837 0 3.333-1.495 3.333-3.333v-8c0-1.839-1.496-3.333-3.333-3.333h-14.667zM23.333 15.333c-0.367 0-0.667-0.3-0.667-0.667v-8.461c0-2.871-3.289-4.872-6.241-4.872h-0.852c-2.952 0-6.241 2.001-6.241 4.872v8.461c0 0.367-0.299 0.667-0.667 0.667s-0.667-0.3-0.667-0.667v-8.461c0-3.712 3.917-6.205 7.575-6.205h0.852c3.659 0 7.575 2.493 7.575 6.205v8.461c0 0.367-0.3 0.667-0.667 0.667zM16.667 28h-1.333c-1.203 0-2-1.605-2-2.667v-2.017c-0.432-0.579-0.667-1.272-0.667-1.983 0-1.839 1.496-3.333 3.333-3.333s3.333 1.495 3.333 3.333c0 0.711-0.235 1.407-0.667 1.983v2.017c0 1.061-0.797 2.667-2 2.667zM16 19.333c-1.103 0-2 0.897-2 2 0 0.608 0.273 1.047 0.501 1.307 0.107 0.123 0.165 0.279 0.165 0.44v2.253c0 0.547 0.453 1.305 0.668 1.333h1.331c0.216-0.028 0.668-0.787 0.668-1.333v-2.252c0-0.161 0.059-0.315 0.165-0.436 0.229-0.261 0.501-0.7 0.501-1.308 0-1.107-0.897-2.004-2-2.004z\"><\/path>\n        <\/svg><svg style=\"height:0;width:0;position:absolute;\" aria-hidden=\"true\" focusable=\"false\">\n\t\t\t  <lineargradient id=\"nectar-iconsmind-icon-69f590dd718fb\" x2=\"1\" y2=\"1\">\n\t\t\t    <stop offset=\"0%\" stop-color=\"#7851fb\" \/>\n\t\t\t    <stop offset=\"100%\" stop-color=\"#454df5\" \/>\n\t\t\t  <\/lineargradient>\n\t\t\t<\/svg><\/span><\/span><\/div>\n\t<\/div>\n\t\t\t<\/div> \n\t\t<\/div>\n\t<\/div> \n<\/div><\/div>\n\t\t<div id=\"fws_69f590dd71bc3\"  data-column-margin=\"default\" data-midnight=\"dark\"  class=\"wpb_row vc_row-fluid vc_row\"  style=\"padding-top: 0px; padding-bottom: 0px; \"><div class=\"row-bg-wrap\" data-bg-animation=\"none\" data-bg-animation-delay=\"\" data-bg-overlay=\"false\"><div class=\"inner-wrap row-bg-layer\" ><div class=\"row-bg viewport-desktop\"  style=\"\"><\/div><\/div><\/div><div class=\"row_col_wrap_12 col span_12 dark left\">\n\t<div  class=\"vc_col-sm-12 wpb_column column_container vc_column_container col no-extra-padding force-desktop-text-align-right inherit_tablet inherit_phone\"  data-padding-pos=\"all\" data-has-bg-color=\"false\" data-bg-color=\"\" data-bg-opacity=\"1\" data-animation=\"\" data-delay=\"0\" >\n\t\t<div class=\"vc_column-inner\" >\n\t\t\t<div class=\"wpb_wrapper\">\n\t\t\t\t<div class=\"nectar-gradient-text\" data-direction=\"horizontal\" data-color=\"extra-color-gradient-1\" style=\"\"><h2>\u00c9change Centralis\u00e9<\/h2><\/div>\n\t\t\t<\/div> \n\t\t<\/div>\n\t<\/div> \n<\/div><\/div>\n\t\t<div id=\"fws_69f590dd71db3\"  data-column-margin=\"default\" data-midnight=\"dark\"  class=\"wpb_row vc_row-fluid vc_row\"  style=\"padding-top: 0px; padding-bottom: 0px; \"><div class=\"row-bg-wrap\" data-bg-animation=\"none\" data-bg-animation-delay=\"\" data-bg-overlay=\"false\"><div class=\"inner-wrap row-bg-layer\" ><div class=\"row-bg viewport-desktop\"  style=\"\"><\/div><\/div><\/div><div class=\"row_col_wrap_12 col span_12 dark left\">\n\t<div  class=\"vc_col-sm-4 vc_hidden-sm vc_hidden-xs wpb_column column_container vc_column_container col no-extra-padding force-desktop-text-align-center inherit_tablet inherit_phone\"  data-padding-pos=\"all\" data-has-bg-color=\"false\" data-bg-color=\"\" data-bg-opacity=\"1\" data-animation=\"\" data-delay=\"0\" >\n\t\t<div class=\"vc_column-inner\" >\n\t\t\t<div class=\"wpb_wrapper\">\n\t\t\t\t<div class=\"nectar_icon_wrap\" data-border-thickness=\"2px\" data-style=\"border-animation\" data-padding=\"25px\" data-color=\"extra-color-gradient-2\" style=\"margin-top: 110px; margin-bottom: 15px; \" >\n\t\t<div class=\"nectar_icon\" style=\"height: 142px; width: 142px;\"><span class=\"im-icon-wrap\" data-color=\"extra-color-gradient-2\"><span><svg version=\"1.1\" xmlns=\"http:\/\/www.w3.org\/2000\/svg\" width=\"60\" height=\"60\" viewbox=\"0 0 32 32\" fill=\"url(#nectar-iconsmind-icon-69f590dd71ed4)\">\n        <path d=\"M16 20.664c-2.991 0-5.333-2.472-5.333-5.625v-5.479c0-0.184 0.076-0.359 0.209-0.484 0.133-0.127 0.313-0.207 0.496-0.181 2.468 0.139 3.18-0.408 4.161-1.373 0.26-0.253 0.676-0.253 0.936 0 1.104 1.085 1.92 1.497 4.161 1.373 0.185-0.011 0.361 0.056 0.496 0.181 0.135 0.128 0.209 0.304 0.209 0.484v5.479c-0.003 3.155-2.345 5.625-5.336 5.625zM12 10.251v4.792c0 2.407 1.757 4.292 4 4.292s4-1.885 4-4.292v-4.792c-0.024 0-0.048 0-0.073 0-1.881 0-2.919-0.469-3.923-1.341-0.884 0.787-1.889 1.341-3.907 1.341-0.033 0-0.065 0-0.097 0zM30 24.667h-28c-0.368 0-0.667-0.3-0.667-0.667v-17.333c0-1.839 1.496-3.333 3.333-3.333h22.667c1.837 0 3.333 1.495 3.333 3.333v17.333c0 0.367-0.3 0.667-0.667 0.667zM2.667 23.333h26.667v-16.667c0-1.103-0.897-2-2-2h-22.667c-1.103 0-2 0.897-2 2v16.667zM28.625 28.667h-25.251c-1.861 0-3.375-1.515-3.375-3.375v-1.292c0-0.367 0.299-0.667 0.667-0.667h30.667c0.367 0 0.667 0.3 0.667 0.667v1.292c0 1.86-1.515 3.375-3.375 3.375zM1.333 24.667v0.625c0 1.127 0.916 2.041 2.041 2.041h25.251c1.125 0 2.041-0.917 2.041-2.041v-0.625h-29.333z\"><\/path>\n        <\/svg><svg style=\"height:0;width:0;position:absolute;\" aria-hidden=\"true\" focusable=\"false\">\n\t\t\t  <lineargradient id=\"nectar-iconsmind-icon-69f590dd71ed4\" x2=\"1\" y2=\"1\">\n\t\t\t    <stop offset=\"0%\" stop-color=\"#7851fb\" \/>\n\t\t\t    <stop offset=\"100%\" stop-color=\"#454df5\" \/>\n\t\t\t  <\/lineargradient>\n\t\t\t<\/svg><\/span><\/span><\/div>\n\t<\/div>\n\t\t\t<\/div> \n\t\t<\/div>\n\t<\/div> \n\n\t<div  class=\"vc_col-sm-8 wpb_column column_container vc_column_container col centered-text no-extra-padding force-desktop-text-align-left inherit_tablet inherit_phone\"  data-padding-pos=\"all\" data-has-bg-color=\"false\" data-bg-color=\"\" data-bg-opacity=\"1\" data-animation=\"\" data-delay=\"0\" >\n\t\t<div class=\"vc_column-inner\" >\n\t\t\t<div class=\"wpb_wrapper\">\n\t\t\t\t<div class=\"nectar-fancy-ul font_line_height_2px\" data-list-icon=\"icon-salient-thin-line\" data-animation=\"true\" data-animation-delay=\"0\" data-color=\"accent-color\" data-spacing=\"20px\" data-alignment=\"left\"> \n<ul>\n<li style=\"text-align: left;\"><span style=\"color: #333333;\">Nous utilisons exclusivement Kraken pour tous nos transferts entre Fiat et Crypto-monnaies. Cette plateforme offre un moyen s\u00fbr et fiable d'effectuer des transferts entre diff\u00e9rents actifs num\u00e9riques et devises. De plus, elle offre des frais comp\u00e9titifs, ce qui en fait un choix id\u00e9al pour nos \u00e9changes.<\/span><\/li>\n<li style=\"text-align: left;\"><span style=\"color: #333333;\">Nous ne stockons aucun de nos fonds sur Kraken. Nous l'utilisons uniquement comme passerelle pour faciliter les transactions entre les actifs en monnaie fiduciaire et les actifs financiers d\u00e9centralis\u00e9s (DEFI). Cela signifie que Kraken est utilis\u00e9 comme interm\u00e9diaire pour convertir les devises fiduciaires en crypto-monnaies, et vice versa.<\/span><\/li>\n<li style=\"text-align: left;\"><span style=\"color: #333333;\">B\u00e9n\u00e9ficiez d'une gestion s\u00e9curis\u00e9e de vos fonds \u00e0 l'aide de votre portefeuille d\u00e9positaire personnel, con\u00e7u pour une s\u00e9curit\u00e9 maximale et offrant une s\u00e9rie de fonctionnalit\u00e9s pour prot\u00e9ger vos fonds. En utilisant votre propre portefeuille d\u00e9positaire, nous augmentons la garantie de s\u00e9curit\u00e9 de vos fonds.<\/span><\/li>\n<li style=\"text-align: left;\"><span style=\"color: #333333;\">Tous nos rendements sont g\u00e9n\u00e9r\u00e9s par des protocoles de finance d\u00e9centralis\u00e9s (DEFI). Les protocoles DEFI sont des syst\u00e8mes automatis\u00e9s qui g\u00e8rent et distribuent la liquidit\u00e9s, permettant aux utilisateurs de tirer des revenus passifs de leurs investissements. En utilisant les protocoles DEFI, nous pouvons g\u00e9n\u00e9rer des rendements nos actifs.<\/span><\/li>\n<\/ul>\n <\/div>\n\t\t\t<\/div> \n\t\t<\/div>\n\t<\/div> \n<\/div><\/div>\n\t\t<div id=\"fws_69f590dd72130\"  data-column-margin=\"default\" data-midnight=\"dark\"  class=\"wpb_row vc_row-fluid vc_row\"  style=\"padding-top: 0px; padding-bottom: 0px; \"><div class=\"row-bg-wrap\" data-bg-animation=\"none\" data-bg-animation-delay=\"\" data-bg-overlay=\"false\"><div class=\"inner-wrap row-bg-layer\" ><div class=\"row-bg viewport-desktop\"  style=\"\"><\/div><\/div><\/div><div class=\"row_col_wrap_12 col span_12 dark left\">\n\t<div  class=\"vc_col-sm-12 wpb_column column_container vc_column_container col no-extra-padding inherit_tablet inherit_phone\"  data-padding-pos=\"all\" data-has-bg-color=\"false\" data-bg-color=\"\" data-bg-opacity=\"1\" data-animation=\"\" data-delay=\"0\" >\n\t\t<div class=\"vc_column-inner\" >\n\t\t\t<div class=\"wpb_wrapper\">\n\t\t\t\t<div class=\"nectar-gradient-text\" data-direction=\"horizontal\" data-color=\"extra-color-gradient-1\" style=\"\"><h2>Risque<\/h2><\/div>\n\t\t\t<\/div> \n\t\t<\/div>\n\t<\/div> \n<\/div><\/div>\n\t\t<div id=\"fws_69f590dd722f7\"  data-column-margin=\"default\" data-midnight=\"dark\"  class=\"wpb_row vc_row-fluid vc_row\"  style=\"padding-top: 0px; padding-bottom: 0px; \"><div class=\"row-bg-wrap\" data-bg-animation=\"none\" data-bg-animation-delay=\"\" data-bg-overlay=\"false\"><div class=\"inner-wrap row-bg-layer\" ><div class=\"row-bg viewport-desktop\"  style=\"\"><\/div><\/div><\/div><div class=\"row_col_wrap_12 col span_12 dark left\">\n\t<div  class=\"vc_col-sm-8 wpb_column column_container vc_column_container col no-extra-padding inherit_tablet inherit_phone\"  data-padding-pos=\"all\" data-has-bg-color=\"false\" data-bg-color=\"\" data-bg-opacity=\"1\" data-animation=\"\" data-delay=\"0\" >\n\t\t<div class=\"vc_column-inner\" >\n\t\t\t<div class=\"wpb_wrapper\">\n\t\t\t\t<div class=\"nectar-fancy-ul font_line_height_2px\" data-list-icon=\"icon-salient-thin-line\" data-animation=\"true\" data-animation-delay=\"0\" data-color=\"accent-color\" data-spacing=\"20px\" data-alignment=\"left\"> \n<ul>\n<li><span style=\"color: #333333;\">Br\u00e8che de s\u00e9curit\u00e9 au niveau de la cl\u00e9 priv\u00e9e : pour garantir la s\u00e9curit\u00e9 des cl\u00e9 priv\u00e9es que nous manipulons, nous avons mis en place un protocole de s\u00e9curit\u00e9. Ce protocole comprend une s\u00e9rie de mesures visant \u00e0 prot\u00e9ger la cl\u00e9 priv\u00e9e contre les menaces potentielles. Nous prenons la s\u00e9curit\u00e9 de nos clients tr\u00e8s au s\u00e9rieux, et ce protocole garantit que nous restons en conformit\u00e9 avec les normes de s\u00e9curit\u00e9 les plus \u00e9lev\u00e9es, plus de d\u00e9tails peuvent \u00eatre communiqu\u00e9s \u00e0 nos clients<\/span><\/li>\n<li><span style=\"color: #333333;\"> Stablecoins de-peg, nous ne travaillons qu'avec des stablecoins qui sont enti\u00e8rement garantis. Cela signifie que ces stablecoins sont garanties par un actif de m\u00eame valeur, comme une monnaie fiduciaire ou d'autres actifs num\u00e9riques, et qu'elles sont con\u00e7ues pour conserver une valeur stable. En utilisant des stablecoins de premier ordre, nous pouvons garantir la s\u00e9curit\u00e9 des fonds de nos clients et leur fournir le meilleur service possible.<\/span><\/li>\n<li><span style=\"color: #333333;\">En ce qui concerne le hack de Smart contract, nous n'utilisons que des protocoles qui ont fait l'objet d'un audit approfondi et qui sont largement utilis\u00e9s dans l'espace Defi. Cela garantit une s\u00e9curit\u00e9 suppl\u00e9mentaire.<\/span><\/li>\n<\/ul>\n <\/div>\n\t\t\t<\/div> \n\t\t<\/div>\n\t<\/div> \n\n\t<div  class=\"vc_col-sm-4 vc_hidden-sm vc_hidden-xs wpb_column column_container vc_column_container col centered-text no-extra-padding inherit_tablet inherit_phone\"  data-padding-pos=\"all\" data-has-bg-color=\"false\" data-bg-color=\"\" data-bg-opacity=\"1\" data-animation=\"\" data-delay=\"0\" >\n\t\t<div class=\"vc_column-inner\" >\n\t\t\t<div class=\"wpb_wrapper\">\n\t\t\t\t<div class=\"nectar_icon_wrap\" data-border-thickness=\"2px\" data-style=\"border-animation\" data-padding=\"25px\" data-color=\"extra-color-gradient-2\" style=\"margin-top: 50px; margin-bottom: 15px; \" >\n\t\t<div class=\"nectar_icon\" style=\"height: 142px; width: 142px;\"><span class=\"im-icon-wrap\" data-color=\"extra-color-gradient-2\"><span><svg version=\"1.1\" xmlns=\"http:\/\/www.w3.org\/2000\/svg\" width=\"60\" height=\"60\" viewbox=\"0 0 32 32\" fill=\"url(#nectar-iconsmind-icon-69f590dd724d8)\">\n        <path d=\"M15.305 10.333h1.333v16h-1.333v-16zM15.972 7c-0.368 0-0.667-0.299-0.667-0.667v-5.333c0-0.368 0.299-0.667 0.667-0.667s0.667 0.299 0.667 0.667v5.333c0 0.368-0.299 0.667-0.667 0.667zM20.777 31.667c-0.009 0-0.017 0-0.028 0h-9.555c-0.368 0-0.667-0.299-0.667-0.667 0-3.003 2.443-5.445 5.444-5.445 2.937 0 5.335 2.336 5.443 5.248 0.020 0.064 0.029 0.132 0.029 0.197 0 0.368-0.299 0.667-0.667 0.667zM11.915 30.333h8.113c-0.32-1.952-2.016-3.445-4.056-3.445s-3.737 1.493-4.057 3.445zM7.249 23.112c-3.001 0-5.444-2.443-5.444-5.445 0-0.368 0.299-0.667 0.667-0.667h9.556c0.368 0 0.667 0.299 0.667 0.667 0 3.003-2.443 5.445-5.445 5.445zM3.193 18.333c0.32 1.952 2.017 3.445 4.057 3.445s3.737-1.493 4.057-3.445h-8.115zM25.972 5h-20c-0.368 0-0.667-0.299-0.667-0.667s0.299-0.667 0.667-0.667h20c0.368 0 0.667 0.299 0.667 0.667s-0.299 0.667-0.667 0.667zM15.972 11.612c-1.471 0-2.667-1.195-2.667-2.667s1.196-2.667 2.667-2.667 2.667 1.195 2.667 2.667-1.196 2.667-2.667 2.667zM15.972 7.612c-0.735 0-1.333 0.597-1.333 1.333s0.599 1.333 1.333 1.333c0.733 0 1.333-0.597 1.333-1.333s-0.6-1.333-1.333-1.333zM3.305 17.779c-0.065 0-0.131-0.009-0.196-0.028-0.352-0.109-0.549-0.48-0.44-0.833l3.944-12.779c0.108-0.353 0.476-0.555 0.833-0.439 0.352 0.108 0.549 0.479 0.44 0.833l-3.944 12.779c-0.088 0.283-0.352 0.467-0.637 0.467zM11.195 17.779c-0.285 0-0.549-0.184-0.637-0.472l-3.944-12.779c-0.109-0.352 0.088-0.723 0.44-0.833 0.355-0.112 0.725 0.087 0.833 0.439l3.944 12.779c0.109 0.355-0.088 0.725-0.44 0.833-0.065 0.024-0.131 0.033-0.196 0.033zM24.751 23.112c-3.003 0-5.445-2.443-5.445-5.445 0-0.368 0.3-0.667 0.667-0.667h9.557c0.367 0 0.667 0.299 0.667 0.667-0.001 3.003-2.444 5.445-5.445 5.445zM20.693 18.333c0.32 1.952 2.019 3.445 4.057 3.445 2.041 0 3.737-1.493 4.057-3.445h-8.115zM20.805 17.779c-0.065 0-0.131-0.009-0.195-0.028-0.352-0.109-0.549-0.48-0.44-0.833l3.944-12.779c0.108-0.353 0.477-0.555 0.833-0.439 0.353 0.108 0.549 0.479 0.44 0.833l-3.944 12.779c-0.089 0.283-0.353 0.467-0.639 0.467zM28.695 17.779c-0.287 0-0.549-0.184-0.639-0.472l-3.944-12.779c-0.109-0.353 0.087-0.724 0.44-0.833 0.353-0.112 0.725 0.087 0.833 0.439l3.944 12.779c0.109 0.355-0.088 0.725-0.44 0.833-0.064 0.024-0.129 0.033-0.195 0.033z\"><\/path>\n        <\/svg><svg style=\"height:0;width:0;position:absolute;\" aria-hidden=\"true\" focusable=\"false\">\n\t\t\t  <lineargradient id=\"nectar-iconsmind-icon-69f590dd724d8\" x2=\"1\" y2=\"1\">\n\t\t\t    <stop offset=\"0%\" stop-color=\"#7851fb\" \/>\n\t\t\t    <stop offset=\"100%\" stop-color=\"#454df5\" \/>\n\t\t\t  <\/lineargradient>\n\t\t\t<\/svg><\/span><\/span><\/div>\n\t<\/div>\n\t\t\t<\/div> \n\t\t<\/div>\n\t<\/div> \n<\/div><\/div><meta name=\"description\" content=\"Security &#038; Risk read more...\" \/><\/p>","protected":false},"excerpt":{"rendered":"Security Each customer is provided with their own private key to ensure that all funds are securely segregated between customers. Remaining safe and separate from one another, this provides an...","protected":false},"author":1,"featured_media":0,"parent":0,"menu_order":0,"comment_status":"closed","ping_status":"closed","template":"","meta":{"footnotes":""},"class_list":["post-72","page","type-page","status-publish"],"yoast_head":"<!-- This site is optimized with the Yoast SEO plugin v27.5 - https:\/\/yoast.com\/product\/yoast-seo-wordpress\/ -->\n<title>Security &amp; Risk - Swissorb<\/title>\n<meta name=\"description\" content=\"Security &amp; Risk read more...\" \/>\n<meta name=\"robots\" content=\"index, follow, max-snippet:-1, max-image-preview:large, max-video-preview:-1\" \/>\n<link rel=\"canonical\" href=\"https:\/\/swissorb.ch\/fr\/security-risk\/\" \/>\n<meta property=\"og:locale\" content=\"fr_FR\" \/>\n<meta property=\"og:type\" content=\"article\" \/>\n<meta property=\"og:title\" content=\"Security &amp; Risk - Swissorb\" \/>\n<meta property=\"og:description\" content=\"Security &amp; Risk read more...\" \/>\n<meta property=\"og:url\" content=\"https:\/\/swissorb.ch\/fr\/security-risk\/\" \/>\n<meta property=\"og:site_name\" content=\"Swissorb\" \/>\n<meta property=\"article:modified_time\" content=\"2024-09-26T21:42:59+00:00\" \/>\n<meta name=\"twitter:card\" content=\"summary_large_image\" \/>\n<meta name=\"twitter:label1\" content=\"Dur\u00e9e de lecture estim\u00e9e\" \/>\n\t<meta name=\"twitter:data1\" content=\"5 minutes\" \/>\n<script type=\"application\/ld+json\" class=\"yoast-schema-graph\">{\"@context\":\"https:\\\/\\\/schema.org\",\"@graph\":[{\"@type\":\"WebPage\",\"@id\":\"https:\\\/\\\/swissorb.ch\\\/security-risk\",\"url\":\"https:\\\/\\\/swissorb.ch\\\/security-risk\",\"name\":\"Security & Risk - Swissorb\",\"isPartOf\":{\"@id\":\"https:\\\/\\\/swissorb.ch\\\/#website\"},\"datePublished\":\"2023-10-14T17:28:34+00:00\",\"dateModified\":\"2024-09-26T21:42:59+00:00\",\"description\":\"Security & Risk read more...\",\"breadcrumb\":{\"@id\":\"https:\\\/\\\/swissorb.ch\\\/security-risk#breadcrumb\"},\"inLanguage\":\"fr-FR\",\"potentialAction\":[{\"@type\":\"ReadAction\",\"target\":[\"https:\\\/\\\/swissorb.ch\\\/security-risk\"]}]},{\"@type\":\"BreadcrumbList\",\"@id\":\"https:\\\/\\\/swissorb.ch\\\/security-risk#breadcrumb\",\"itemListElement\":[{\"@type\":\"ListItem\",\"position\":1,\"name\":\"Home\",\"item\":\"https:\\\/\\\/swissorb.ch\\\/\"},{\"@type\":\"ListItem\",\"position\":2,\"name\":\"Security &#038; Risk\"}]},{\"@type\":\"WebSite\",\"@id\":\"https:\\\/\\\/swissorb.ch\\\/#website\",\"url\":\"https:\\\/\\\/swissorb.ch\\\/\",\"name\":\"Swissorb\",\"description\":\"\",\"publisher\":{\"@id\":\"https:\\\/\\\/swissorb.ch\\\/#organization\"},\"potentialAction\":[{\"@type\":\"SearchAction\",\"target\":{\"@type\":\"EntryPoint\",\"urlTemplate\":\"https:\\\/\\\/swissorb.ch\\\/?s={search_term_string}\"},\"query-input\":{\"@type\":\"PropertyValueSpecification\",\"valueRequired\":true,\"valueName\":\"search_term_string\"}}],\"inLanguage\":\"fr-FR\"},{\"@type\":\"Organization\",\"@id\":\"https:\\\/\\\/swissorb.ch\\\/#organization\",\"name\":\"Swissorb\",\"url\":\"https:\\\/\\\/swissorb.ch\\\/\",\"logo\":{\"@type\":\"ImageObject\",\"inLanguage\":\"fr-FR\",\"@id\":\"https:\\\/\\\/swissorb.ch\\\/#\\\/schema\\\/logo\\\/image\\\/\",\"url\":\"https:\\\/\\\/swissorb.ch\\\/wp-content\\\/uploads\\\/2024\\\/02\\\/SO-website-gradient-5.png\",\"contentUrl\":\"https:\\\/\\\/swissorb.ch\\\/wp-content\\\/uploads\\\/2024\\\/02\\\/SO-website-gradient-5.png\",\"width\":2055,\"height\":364,\"caption\":\"Swissorb\"},\"image\":{\"@id\":\"https:\\\/\\\/swissorb.ch\\\/#\\\/schema\\\/logo\\\/image\\\/\"}}]}<\/script>\n<!-- \/ Yoast SEO plugin. -->","yoast_head_json":{"title":"Security & Risk - Swissorb","description":"Security & Risk read more...","robots":{"index":"index","follow":"follow","max-snippet":"max-snippet:-1","max-image-preview":"max-image-preview:large","max-video-preview":"max-video-preview:-1"},"canonical":"https:\/\/swissorb.ch\/fr\/security-risk\/","og_locale":"fr_FR","og_type":"article","og_title":"Security & Risk - Swissorb","og_description":"Security & Risk read more...","og_url":"https:\/\/swissorb.ch\/fr\/security-risk\/","og_site_name":"Swissorb","article_modified_time":"2024-09-26T21:42:59+00:00","twitter_card":"summary_large_image","twitter_misc":{"Dur\u00e9e de lecture estim\u00e9e":"5 minutes"},"schema":{"@context":"https:\/\/schema.org","@graph":[{"@type":"WebPage","@id":"https:\/\/swissorb.ch\/security-risk","url":"https:\/\/swissorb.ch\/security-risk","name":"Security & Risk - Swissorb","isPartOf":{"@id":"https:\/\/swissorb.ch\/#website"},"datePublished":"2023-10-14T17:28:34+00:00","dateModified":"2024-09-26T21:42:59+00:00","description":"Security & Risk read more...","breadcrumb":{"@id":"https:\/\/swissorb.ch\/security-risk#breadcrumb"},"inLanguage":"fr-FR","potentialAction":[{"@type":"ReadAction","target":["https:\/\/swissorb.ch\/security-risk"]}]},{"@type":"BreadcrumbList","@id":"https:\/\/swissorb.ch\/security-risk#breadcrumb","itemListElement":[{"@type":"ListItem","position":1,"name":"Home","item":"https:\/\/swissorb.ch\/"},{"@type":"ListItem","position":2,"name":"Security &#038; Risk"}]},{"@type":"WebSite","@id":"https:\/\/swissorb.ch\/#website","url":"https:\/\/swissorb.ch\/","name":"Swissorb","description":"","publisher":{"@id":"https:\/\/swissorb.ch\/#organization"},"potentialAction":[{"@type":"SearchAction","target":{"@type":"EntryPoint","urlTemplate":"https:\/\/swissorb.ch\/?s={search_term_string}"},"query-input":{"@type":"PropertyValueSpecification","valueRequired":true,"valueName":"search_term_string"}}],"inLanguage":"fr-FR"},{"@type":"Organization","@id":"https:\/\/swissorb.ch\/#organization","name":"Swissorb","url":"https:\/\/swissorb.ch\/","logo":{"@type":"ImageObject","inLanguage":"fr-FR","@id":"https:\/\/swissorb.ch\/#\/schema\/logo\/image\/","url":"https:\/\/swissorb.ch\/wp-content\/uploads\/2024\/02\/SO-website-gradient-5.png","contentUrl":"https:\/\/swissorb.ch\/wp-content\/uploads\/2024\/02\/SO-website-gradient-5.png","width":2055,"height":364,"caption":"Swissorb"},"image":{"@id":"https:\/\/swissorb.ch\/#\/schema\/logo\/image\/"}}]}},"_links":{"self":[{"href":"https:\/\/swissorb.ch\/fr\/wp-json\/wp\/v2\/pages\/72","targetHints":{"allow":["GET"]}}],"collection":[{"href":"https:\/\/swissorb.ch\/fr\/wp-json\/wp\/v2\/pages"}],"about":[{"href":"https:\/\/swissorb.ch\/fr\/wp-json\/wp\/v2\/types\/page"}],"author":[{"embeddable":true,"href":"https:\/\/swissorb.ch\/fr\/wp-json\/wp\/v2\/users\/1"}],"replies":[{"embeddable":true,"href":"https:\/\/swissorb.ch\/fr\/wp-json\/wp\/v2\/comments?post=72"}],"version-history":[{"count":75,"href":"https:\/\/swissorb.ch\/fr\/wp-json\/wp\/v2\/pages\/72\/revisions"}],"predecessor-version":[{"id":836,"href":"https:\/\/swissorb.ch\/fr\/wp-json\/wp\/v2\/pages\/72\/revisions\/836"}],"wp:attachment":[{"href":"https:\/\/swissorb.ch\/fr\/wp-json\/wp\/v2\/media?parent=72"}],"curies":[{"name":"wp","href":"https:\/\/api.w.org\/{rel}","templated":true}]}}